{"id":1420,"date":"2026-04-01T16:38:20","date_gmt":"2026-04-01T16:38:20","guid":{"rendered":"https:\/\/meedia.sscw.ee\/?page_id=1420"},"modified":"2026-04-09T14:26:53","modified_gmt":"2026-04-09T14:26:53","slug":"traningi2026","status":"publish","type":"page","link":"https:\/\/meedia.sscw.ee\/ru\/traningi2026\/","title":{"rendered":"\u0422\u0440\u0435\u043d\u0438\u043d\u0433\u0438"},"content":{"rendered":"<p>Projektis viiakse l\u00e4bi 10 professionaalset koolitusmoodulit, millest iga\u00fcks keskendub konkreetsetele p\u00e4devustele, mis aitavad tugevdada vastupanuv\u00f5imet desinformatsioonile ja propagandale.<\/p>\n<blockquote>\n<h3><span style=\"color: #ff0000;\"><strong>Registreeri ennast just Sinule sovibale \u00f5ppemoodule<\/strong><\/span><\/h3>\n<\/blockquote>\n<ul>\n<li><a href=\"https:\/\/meedia.sscw.ee\/digimeediapadevus-ja-tehisintellekt\/\">Moodul 1 \u2013 Digitaalne meediap\u00e4devus ja tehisintellekti teadlikkus (16. aprill 2026, Tallinn)<\/a><\/li>\n<li><a href=\"https:\/\/meedia.sscw.ee\/kriitiline_meediatarbimine\/\">Moodul 2 \u2013 Kriitiline meediatarbimine (14. mai 2026)<\/a><\/li>\n<li><a href=\"https:\/\/meedia.sscw.ee\/moodul-3-desinformatsioon-propaganda-ja-infovoitlus\/\">Moodul 3 \u2013 Desinformatsioon, propaganda ja infov\u00f5itlus (<\/a><a href=\"https:\/\/meedia.sscw.ee\/moodul-3-desinformatsioon-propaganda-ja-infovoitlus\/\">4. juuni 2026)<\/a><\/li>\n<li><a href=\"https:\/\/meedia.sscw.ee\/sotsiaalne-loimumine-ja-kodanikudialoog\/\">Moodul 4 \u2013 Sotsiaalne l\u00f5imumine ja kodanikudialoog (28. august 2026, Toila Spa Hotell)<\/a><\/li>\n<li><a href=\"https:\/\/meedia.sscw.ee\/teadlik-kodanikuks-olemine\/\">Moodul 5 \u2013 Teadlik kodanikuks olemine (29. august 2026, Toila\/Narva)<\/a><\/li>\n<li><a href=\"https:\/\/meedia.sscw.ee\/vastupanuvoime_psuhhologiline_kaitse\/\">Moodul 6 \u2013 Vastupanuv\u00f5ime valeinfole ja ps\u00fchholoogilise kaitse (24. September 2026, Tartu)<\/a><\/li>\n<li><a href=\"https:\/\/meedia.sscw.ee\/moodul-7-eetiline-ja-vastutustundlik-ajakirjandus\/\">Moodul 7 \u2013 Eetiline ja vastutustundlik ajakirjandus (26. september 2026, Tartu)<\/a><\/li>\n<li><a href=\"https:\/\/meedia.sscw.ee\/moodul-8-soltumatu-euroopa-ja-venekeelne-meedia-ning-kaasav-teave\/\">Moodul 8 \u2013 S\u00f5ltumatu Euroopa ja venekeelne meedia ning kaasav teave (30. oktoober 2026, Tallinn)<\/a><\/li>\n<li><a href=\"https:\/\/meedia.sscw.ee\/mil-meetodika-ja-praktilised-tooristad\/\">Moodul 9 \u2013 Meediap\u00e4devuse \u00f5petamise meetodid \u00f5petajatele ja koolijuhtidele (14. november 2026, Tallinna \u00dclikool)<\/a><\/li>\n<li><a href=\"https:\/\/meedia.sscw.ee\/kommunikatsioon-kogukondlik-moju\/\">Moodul 10 \u2013 Meediap\u00e4devuse rakendamine: kommunikatsioon, meediasisu loomine ja kogukondlik m\u00f5ju (11. detsember 2026, Tallinn)<\/a><\/li>\n<\/ul>\n<h1 data-section-id=\"1c0slx2\" data-start=\"147\" data-end=\"222\"><span role=\"text\">\ud83e\udded <strong>\u041f\u0440\u043e\u0433\u0440\u0430\u043c\u043c\u0430 \u043c\u0435\u0434\u0438\u0430\u0433\u0440\u0430\u043c\u043e\u0442\u043d\u043e\u0441\u0442\u0438 \u0438 \u0443\u0441\u0442\u043e\u0439\u0447\u0438\u0432\u043e\u0441\u0442\u0438 \u2014 \u0441\u0442\u0440\u0443\u043a\u0442\u0443\u0440\u043d\u0430\u044f \u0441\u0445\u0435\u043c\u0430 (2026)<\/strong><\/span><\/h1>\n<div tabindex=\"-1\">\n<div class=\"flex flex-col text-sm pb-25\">\n<section class=\"text-token-text-primary w-full focus:outline-none [--shadow-height:45px] has-data-writing-block:pointer-events-none has-data-writing-block:-mt-(--shadow-height) has-data-writing-block:pt-(--shadow-height) [&amp;:has([data-writing-block])&gt;*]:pointer-events-auto scroll-mt-[calc(var(--header-height)+min(200px,max(70px,20svh)))]\" dir=\"auto\" data-turn-id=\"c1a055b8-ad94-42f7-9b80-d635870c69df\" data-testid=\"conversation-turn-200\" data-scroll-anchor=\"true\" data-turn=\"assistant\">\n<div class=\"text-base my-auto mx-auto pb-10 [--thread-content-margin:var(--thread-content-margin-xs,calc(var(--spacing)*4))] @w-sm\/main:[--thread-content-margin:var(--thread-content-margin-sm,calc(var(--spacing)*6))] @w-lg\/main:[--thread-content-margin:var(--thread-content-margin-lg,calc(var(--spacing)*16))] px-(--thread-content-margin)\">\n<div class=\"[--thread-content-max-width:40rem] @w-lg\/main:[--thread-content-max-width:48rem] mx-auto max-w-(--thread-content-max-width) flex-1 group\/turn-messages focus-visible:outline-hidden relative flex w-full min-w-0 flex-col agent-turn\">\n<div class=\"flex max-w-full flex-col gap-4 grow\">\n<div class=\"min-h-8 text-message relative flex w-full flex-col items-end gap-2 text-start break-words whitespace-normal outline-none keyboard-focused:focus-ring [.text-message+&amp;]:mt-1\" dir=\"auto\" tabindex=\"0\" data-message-author-role=\"assistant\" data-message-id=\"598681cb-f65f-4874-b197-0f8c6fe11bf9\" data-turn-start-message=\"true\" data-message-model-slug=\"gpt-5-4-thinking\">\n<div class=\"flex w-full flex-col gap-1 empty:hidden\">\n<div class=\"markdown prose dark:prose-invert w-full wrap-break-word light markdown-new-styling\">\n<h3 data-section-id=\"vpab5x\" data-start=\"161\" data-end=\"203\"><span role=\"text\">\ud83d\udd35I. \u0411\u0410\u0417\u0410: \u041f\u043e\u043d\u0438\u043c\u0430\u043d\u0438\u0435 \u0438\u043d\u0444\u043e\u0440\u043c\u0430\u0446\u0438\u043e\u043d\u043d\u043e\u0439 \u0441\u0440\u0435\u0434\u044b<\/span><\/h3>\n<p data-start=\"204\" data-end=\"237\">\ud83d\udc49 \u0424\u043e\u043a\u0443\u0441: \u0437\u043d\u0430\u043d\u0438\u044f \u0438 \u043f\u043e\u043d\u0438\u043c\u0430\u043d\u0438\u0435<\/p>\n<div class=\"TyagGW_tableContainer\">\n<div class=\"group TyagGW_tableWrapper flex flex-col-reverse w-fit\" tabindex=\"-1\">\n<table class=\"w-fit min-w-(--thread-content-width)\" data-start=\"239\" data-end=\"827\">\n<thead data-start=\"239\" data-end=\"276\">\n<tr data-start=\"239\" data-end=\"276\">\n<th class=\"\" data-start=\"239\" data-end=\"248\" data-col-size=\"sm\">Moodul<\/th>\n<th class=\"\" data-start=\"248\" data-end=\"256\" data-col-size=\"md\">Teema<\/th>\n<th class=\"\" data-start=\"256\" data-end=\"265\" data-col-size=\"sm\">Fookus<\/th>\n<th class=\"\" data-start=\"265\" data-end=\"276\" data-col-size=\"md\">Tulemus<\/th>\n<\/tr>\n<\/thead>\n<tbody data-start=\"295\" data-end=\"827\">\n<tr data-start=\"295\" data-end=\"478\">\n<td data-start=\"295\" data-end=\"303\" data-col-size=\"sm\"><strong data-start=\"297\" data-end=\"302\">1<\/strong><\/td>\n<td data-start=\"303\" data-end=\"360\" data-col-size=\"md\">Digitaalne meediap\u00e4devus ja tehisintellekti teadlikkus<\/td>\n<td data-start=\"360\" data-end=\"396\" data-col-size=\"sm\">Infokeskkond, algoritmid, AI m\u00f5ju<\/td>\n<td data-start=\"396\" data-end=\"478\" data-col-size=\"md\">M\u00f5istab, kuidas info levib ja kuidas tehnoloogia m\u00f5jutab \u00f5ppimist ja \u00fchiskonda<\/td>\n<\/tr>\n<tr data-start=\"479\" data-end=\"646\">\n<td data-start=\"479\" data-end=\"487\" data-col-size=\"sm\"><strong data-start=\"481\" data-end=\"486\">2<\/strong><\/td>\n<td data-start=\"487\" data-end=\"547\" data-col-size=\"md\">Kriitiline meediatarbimine ja manipulatsiooni tuvastamine<\/td>\n<td data-start=\"547\" data-end=\"586\" data-col-size=\"sm\">Kallutatus, raamimine, m\u00f5jutusv\u00f5tted<\/td>\n<td data-start=\"586\" data-end=\"646\" data-col-size=\"md\">Oskab anal\u00fc\u00fcsida meediasisu ja tuvastada manipulatsiooni<\/td>\n<\/tr>\n<tr data-start=\"647\" data-end=\"827\">\n<td data-start=\"647\" data-end=\"655\" data-col-size=\"sm\"><strong data-start=\"649\" data-end=\"654\">3<\/strong><\/td>\n<td data-start=\"655\" data-end=\"701\" data-col-size=\"md\">Desinformatsioon, propaganda ja infov\u00f5itlus<\/td>\n<td data-start=\"701\" data-end=\"744\" data-col-size=\"sm\">Propagandanarratiivid, infooperatsioonid<\/td>\n<td data-start=\"744\" data-end=\"827\" data-col-size=\"md\">M\u00f5istab desinformatsiooni ja propaganda mehhanisme ning tuvastab m\u00f5jutusv\u00f5tteid<\/td>\n<\/tr>\n<\/tbody>\n<\/table>\n<\/div>\n<\/div>\n<hr data-start=\"829\" data-end=\"832\" \/>\n<h3 data-section-id=\"afzwgw\" data-start=\"834\" data-end=\"879\"><span role=\"text\">\ud83d\udfe1 <strong data-start=\"840\" data-end=\"879\">II. S\u00dcVAM\u00d5ISTMINE: M\u00f5ju ja \u00fchiskond<\/strong><\/span><\/h3>\n<p data-start=\"880\" data-end=\"924\">\ud83d\udc49 <em data-start=\"883\" data-end=\"924\">Fookus: kontekst, v\u00e4\u00e4rtused ja t\u00e4hendus<\/em><\/p>\n<div class=\"TyagGW_tableContainer\">\n<div class=\"group TyagGW_tableWrapper flex flex-col-reverse w-fit\" tabindex=\"-1\">\n<table class=\"w-fit min-w-(--thread-content-width)\" data-start=\"926\" data-end=\"1761\">\n<thead data-start=\"926\" data-end=\"963\">\n<tr data-start=\"926\" data-end=\"963\">\n<th class=\"\" data-start=\"926\" data-end=\"935\" data-col-size=\"sm\">Moodul<\/th>\n<th class=\"\" data-start=\"935\" data-end=\"943\" data-col-size=\"md\">Teema<\/th>\n<th class=\"\" data-start=\"943\" data-end=\"952\" data-col-size=\"md\">Fookus<\/th>\n<th class=\"\" data-start=\"952\" data-end=\"963\" data-col-size=\"md\">Tulemus<\/th>\n<\/tr>\n<\/thead>\n<tbody data-start=\"982\" data-end=\"1761\">\n<tr data-start=\"982\" data-end=\"1129\">\n<td data-start=\"982\" data-end=\"990\" data-col-size=\"sm\"><strong data-start=\"984\" data-end=\"989\">4<\/strong><\/td>\n<td data-start=\"990\" data-end=\"1032\" data-col-size=\"md\">Sotsiaalne l\u00f5imumine ja kodanikudialoog<\/td>\n<td data-start=\"1032\" data-end=\"1070\" data-col-size=\"md\">Polariseerumine, dialoog, kaasamine<\/td>\n<td data-start=\"1070\" data-end=\"1129\" data-col-size=\"md\">Oskab juhtida arutelusid ja m\u00f5ista erinevaid vaatenurki<\/td>\n<\/tr>\n<tr data-start=\"1130\" data-end=\"1281\">\n<td data-start=\"1130\" data-end=\"1138\" data-col-size=\"sm\"><strong data-start=\"1132\" data-end=\"1137\">5<\/strong><\/td>\n<td data-start=\"1138\" data-end=\"1190\" data-col-size=\"md\">Teadlik kodanikuks olemine ja demokraatlik osalus<\/td>\n<td data-start=\"1190\" data-end=\"1229\" data-col-size=\"md\">Kodanikup\u00e4devus, vastutus, v\u00e4\u00e4rtused<\/td>\n<td data-start=\"1229\" data-end=\"1281\" data-col-size=\"md\">Tegutseb teadliku ja vastutustundliku kodanikuna<\/td>\n<\/tr>\n<tr data-start=\"1282\" data-end=\"1465\">\n<td data-start=\"1282\" data-end=\"1290\" data-col-size=\"sm\"><strong data-start=\"1284\" data-end=\"1289\">6<\/strong><\/td>\n<td data-start=\"1290\" data-end=\"1344\" data-col-size=\"md\">Vastupanuv\u00f5ime valeinfole ja ps\u00fchholoogiline kaitse<\/td>\n<td data-start=\"1344\" data-end=\"1392\" data-col-size=\"md\">M\u00f5jutusps\u00fchholoogia, valeinfo, vastupanuv\u00f5ime<\/td>\n<td data-start=\"1392\" data-end=\"1465\" data-col-size=\"md\">M\u00f5istab ps\u00fchholoogilisi m\u00f5jutusmehhanisme ja oskab neile vastu seista<\/td>\n<\/tr>\n<tr data-start=\"1466\" data-end=\"1618\">\n<td data-start=\"1466\" data-end=\"1474\" data-col-size=\"sm\"><strong data-start=\"1468\" data-end=\"1473\">7<\/strong><\/td>\n<td data-start=\"1474\" data-end=\"1517\" data-col-size=\"md\">Eetiline ja vastutustundlik ajakirjandus<\/td>\n<td data-start=\"1517\" data-end=\"1562\" data-col-size=\"md\">Ajakirjanduse roll, eetika, usaldusv\u00e4\u00e4rsus<\/td>\n<td data-start=\"1562\" data-end=\"1618\" data-col-size=\"md\">Oskab hinnata ajakirjanduse kvaliteeti ja eetilisust<\/td>\n<\/tr>\n<tr data-start=\"1619\" data-end=\"1761\">\n<td data-start=\"1619\" data-end=\"1627\" data-col-size=\"sm\"><strong data-start=\"1621\" data-end=\"1626\">8<\/strong><\/td>\n<td data-start=\"1627\" data-end=\"1661\" data-col-size=\"md\">Sotsiaalmeedia m\u00f5ju ja \u00f5ppimine<\/td>\n<td data-start=\"1661\" data-end=\"1693\" data-col-size=\"md\">K\u00e4itumine, t\u00e4helepanu, noored<\/td>\n<td data-start=\"1693\" data-end=\"1761\" data-col-size=\"md\">M\u00f5istab sotsiaalmeedia m\u00f5ju \u00f5ppimisele ja noorte infok\u00e4itumisele<\/td>\n<\/tr>\n<\/tbody>\n<\/table>\n<\/div>\n<\/div>\n<hr data-start=\"1763\" data-end=\"1766\" \/>\n<h3 data-section-id=\"1xvaavf\" data-start=\"1768\" data-end=\"1829\"><span role=\"text\">\ud83d\udfe2 <strong data-start=\"1774\" data-end=\"1829\">III. \u00d5PETAMINE: Metoodika ja praktilised t\u00f6\u00f6riistad<\/strong><\/span><\/h3>\n<p data-start=\"1830\" data-end=\"1884\">\ud83d\udc49 <em data-start=\"1833\" data-end=\"1884\">Fookus: \u00f5petaja roll ja \u00f5ppetegevuste kavandamine<\/em><\/p>\n<div class=\"TyagGW_tableContainer\">\n<div class=\"group TyagGW_tableWrapper flex flex-col-reverse w-fit\" tabindex=\"-1\">\n<table class=\"w-fit min-w-(--thread-content-width)\" data-start=\"1886\" data-end=\"2153\">\n<thead data-start=\"1886\" data-end=\"1923\">\n<tr data-start=\"1886\" data-end=\"1923\">\n<th class=\"\" data-start=\"1886\" data-end=\"1895\" data-col-size=\"sm\">Moodul<\/th>\n<th class=\"\" data-start=\"1895\" data-end=\"1903\" data-col-size=\"md\">Teema<\/th>\n<th class=\"\" data-start=\"1903\" data-end=\"1912\" data-col-size=\"sm\">Fookus<\/th>\n<th class=\"\" data-start=\"1912\" data-end=\"1923\" data-col-size=\"md\">Tulemus<\/th>\n<\/tr>\n<\/thead>\n<tbody data-start=\"1942\" data-end=\"2153\">\n<tr data-start=\"1942\" data-end=\"2153\">\n<td data-start=\"1942\" data-end=\"1950\" data-col-size=\"sm\"><strong data-start=\"1944\" data-end=\"1949\">9<\/strong><\/td>\n<td data-start=\"1950\" data-end=\"2043\" data-col-size=\"md\">Meediap\u00e4devuse \u00f5petamise metoodika ja praktilised t\u00f6\u00f6riistad \u00f5petajatele ja koolijuhtidele<\/td>\n<td data-start=\"2043\" data-end=\"2082\" data-col-size=\"sm\">Didaktika, l\u00f5imimine, \u00f5ppematerjalid<\/td>\n<td data-start=\"2082\" data-end=\"2153\" data-col-size=\"md\">Oskab kavandada ja l\u00e4bi viia meediap\u00e4devust arendavaid \u00f5ppetegevusi<\/td>\n<\/tr>\n<\/tbody>\n<\/table>\n<\/div>\n<\/div>\n<hr data-start=\"2155\" data-end=\"2158\" \/>\n<h3 data-section-id=\"qt1oe2\" data-start=\"2160\" data-end=\"2228\"><span role=\"text\">\ud83d\udd34 <strong data-start=\"2166\" data-end=\"2228\">IV. RAKENDUS JA M\u00d5JU: Loomine, kommunikatsioon ja kogukond<\/strong><\/span><\/h3>\n<p data-start=\"2229\" data-end=\"2278\">\ud83d\udc49 <em data-start=\"2232\" data-end=\"2278\">Fookus: loov rakendamine ja \u00fchiskondlik m\u00f5ju<\/em><\/p>\n<div class=\"TyagGW_tableContainer\">\n<div class=\"group TyagGW_tableWrapper flex flex-col-reverse w-fit\" tabindex=\"-1\">\n<table class=\"w-fit min-w-(--thread-content-width)\" data-start=\"2280\" data-end=\"2598\">\n<thead data-start=\"2280\" data-end=\"2317\">\n<tr data-start=\"2280\" data-end=\"2317\">\n<th class=\"\" data-start=\"2280\" data-end=\"2289\" data-col-size=\"sm\">Moodul<\/th>\n<th class=\"\" data-start=\"2289\" data-end=\"2297\" data-col-size=\"md\">Teema<\/th>\n<th class=\"\" data-start=\"2297\" data-end=\"2306\" data-col-size=\"md\">Fookus<\/th>\n<th class=\"\" data-start=\"2306\" data-end=\"2317\" data-col-size=\"lg\">Tulemus<\/th>\n<\/tr>\n<\/thead>\n<tbody data-start=\"2336\" data-end=\"2598\">\n<tr data-start=\"2336\" data-end=\"2598\">\n<td data-start=\"2336\" data-end=\"2345\" data-col-size=\"sm\"><strong data-start=\"2338\" data-end=\"2344\">10<\/strong><\/td>\n<td data-start=\"2345\" data-end=\"2431\" data-col-size=\"md\">Meediap\u00e4devuse rakendamine: kommunikatsioon, meediasisu loomine ja kogukondlik m\u00f5ju<\/td>\n<td data-start=\"2431\" data-end=\"2476\" data-col-size=\"md\">Kommunikatsioon, meedialooming, kampaaniad<\/td>\n<td data-start=\"2476\" data-end=\"2598\" data-col-size=\"lg\">Oskab luua hariduslikku meediasisu, kavandada teavituskampaaniaid ja rakendada meediap\u00e4devust kogukondlikus kontekstis<\/td>\n<\/tr>\n<\/tbody>\n<\/table>\n<\/div>\n<\/div>\n<\/div>\n<\/div>\n<\/div>\n<\/div>\n<\/div>\n<\/div>\n<\/section>\n<\/div>\n<\/div>\n<hr data-start=\"2020\" data-end=\"2023\" \/>\n<blockquote>\n<p data-section-id=\"13zx2t9\" data-start=\"2025\" data-end=\"2068\"><span role=\"text\">\ud83d\udd17 <strong data-start=\"2030\" data-end=\"2068\">Kuidas moodulid omavahel seostuvad<\/strong><\/span><\/p>\n<\/blockquote>\n<div class=\"relative w-full mt-4 mb-1\">\n<div class=\"\">\n<div class=\"relative\">\n<div class=\"h-full min-h-0 min-w-0\">\n<div class=\"h-full min-h-0 min-w-0\">\n<div class=\"border border-token-border-light border-radius-3xl corner-superellipse\/1.1 rounded-3xl\">\n<div class=\"h-full w-full border-radius-3xl bg-token-bg-elevated-secondary corner-superellipse\/1.1 overflow-clip rounded-3xl lxnfua_clipPathFallback\">\n<div class=\"w-full overflow-x-hidden overflow-y-auto pe-11 pt-3\">\n<div class=\"relative z-0 flex max-w-full\">\n<div id=\"code-block-viewer\" class=\"q9tKkq_viewer cm-editor z-10 light:cm-light dark:cm-light flex h-full w-full flex-col items-stretch \u037cd \u037cr\" dir=\"ltr\">\n<div class=\"cm-scroller\"><\/div>\n<\/div>\n<\/div>\n<\/div>\n<\/div>\n<\/div>\n<\/div>\n<\/div>\n<div class=\"\">\n<div class=\"\">\n<p data-start=\"1142\" data-end=\"1252\"><strong data-start=\"1142\" data-end=\"1210\">TEADMINE \u2192 ANAL\u00dc\u00dcS \u2192 M\u00d5ISTMINE \u2192 \u00d5PETAMINE \u2192 RAKENDAMINE JA M\u00d5JU<\/strong><br data-start=\"1210\" data-end=\"1213\" \/><strong data-start=\"1213\" data-end=\"1252\">(M1\u20133)\u2003\u00a0 \u00a0 \u00a0 \u2003(M2\u20133)\u2003\u2003\u00a0 \u00a0 \u00a0 (M4\u20138)\u2003\u2003\u00a0 \u00a0 \u00a0 \u00a0 (M9)\u2003\u00a0 \u00a0 \u00a0 \u00a0 \u00a0 \u00a0 \u00a0 \u00a0 \u00a0\u2003(M10)<\/strong><\/p>\n<\/div>\n<\/div>\n<\/div>\n<\/div>\n<\/div>\n","protected":false},"excerpt":{"rendered":"<p>Projektis viiakse l\u00e4bi 10 professionaalset koolitusmoodulit, millest iga\u00fcks keskendub konkreetsetele p\u00e4devustele, mis aitavad tugevdada vastupanuv\u00f5imet desinformatsioonile ja propagandale. Registreeri ennast just Sinule sovibale \u00f5ppemoodule Moodul 1 \u2013 Digitaalne meediap\u00e4devus ja tehisintellekti teadlikkus (16. aprill 2026, Tallinn) Moodul 2 \u2013 Kriitiline meediatarbimine (14. mai 2026) Moodul 3 \u2013 Desinformatsioon, propaganda ja infov\u00f5itlus (4. juuni 2026) Moodul [&hellip;]<\/p>\n","protected":false},"author":2,"featured_media":0,"parent":0,"menu_order":0,"comment_status":"closed","ping_status":"closed","template":"","meta":{"footnotes":""},"class_list":["post-1420","page","type-page","status-publish","hentry"],"_links":{"self":[{"href":"https:\/\/meedia.sscw.ee\/ru\/wp-json\/wp\/v2\/pages\/1420","targetHints":{"allow":["GET"]}}],"collection":[{"href":"https:\/\/meedia.sscw.ee\/ru\/wp-json\/wp\/v2\/pages"}],"about":[{"href":"https:\/\/meedia.sscw.ee\/ru\/wp-json\/wp\/v2\/types\/page"}],"author":[{"embeddable":true,"href":"https:\/\/meedia.sscw.ee\/ru\/wp-json\/wp\/v2\/users\/2"}],"replies":[{"embeddable":true,"href":"https:\/\/meedia.sscw.ee\/ru\/wp-json\/wp\/v2\/comments?post=1420"}],"version-history":[{"count":3,"href":"https:\/\/meedia.sscw.ee\/ru\/wp-json\/wp\/v2\/pages\/1420\/revisions"}],"predecessor-version":[{"id":1557,"href":"https:\/\/meedia.sscw.ee\/ru\/wp-json\/wp\/v2\/pages\/1420\/revisions\/1557"}],"wp:attachment":[{"href":"https:\/\/meedia.sscw.ee\/ru\/wp-json\/wp\/v2\/media?parent=1420"}],"curies":[{"name":"wp","href":"https:\/\/api.w.org\/{rel}","templated":true}]}}