{"id":1494,"date":"2026-04-06T01:32:24","date_gmt":"2026-04-06T01:32:24","guid":{"rendered":"https:\/\/meedia.sscw.ee\/?page_id=1494"},"modified":"2026-04-06T01:58:12","modified_gmt":"2026-04-06T01:58:12","slug":"eetiline-ja-vastutustundlik-ajakirjandus","status":"publish","type":"page","link":"https:\/\/meedia.sscw.ee\/ru\/eetiline-ja-vastutustundlik-ajakirjandus\/","title":{"rendered":"Moodul 7 \u2013 Eetiline ja vastutustundlik ajakirjandus"},"content":{"rendered":"<p><strong>Toimumisaeg: 5. September 2026, Tartu Annelinna G\u00fcmnaasium<br \/>\n<\/strong><em><strong>Koolitaja<\/strong>: <strong>Mari-Liisa Parder, PhD (meedia ja kommunikatsioon), Tartu \u00dclikooli Eetikakeskus (T\u00e4psustamisel)<\/strong><\/em><\/p>\n<p data-section-id=\"1icdfxq\" data-start=\"159\" data-end=\"186\"><span role=\"text\"><strong data-start=\"163\" data-end=\"184\">Mooduli kirjeldus<\/strong><\/span><\/p>\n<p data-start=\"187\" data-end=\"496\">Moodul keskendub ajakirjanduse rollile demokraatlikus \u00fchiskonnas ning eetilistele p\u00f5him\u00f5tetele, mis suunavad vastutustundlikku info loomist ja levitamist. Osalejad \u00f5pivad m\u00f5istma ajakirjandusliku t\u00f6\u00f6 standardeid, eetilisi dilemmasid ning seda, kuidas tagada usaldusv\u00e4\u00e4rne ja tasakaalustatud info avalikkusele.<\/p>\n<p data-start=\"498\" data-end=\"650\">Erilist t\u00e4helepanu p\u00f6\u00f6ratakse sellele, kuidas ajakirjandus saab toetada faktip\u00f5hist avalikku arutelu ning v\u00e4hendada valeinfo ja manipulatsiooni levikut.<\/p>\n<p data-start=\"498\" data-end=\"650\"><strong>Mooduli eesm\u00e4rk<\/strong><\/p>\n<p data-start=\"683\" data-end=\"836\">Arendada osalejate arusaama ajakirjanduse eetilistest p\u00f5him\u00f5tetest ning tugevdada nende v\u00f5imet hinnata meediasisu usaldusv\u00e4\u00e4rsust ja vastutustundlikkust.<\/p>\n<p data-section-id=\"1kavxn0\" data-start=\"843\" data-end=\"865\"><span role=\"text\"><strong data-start=\"847\" data-end=\"863\">\u00d5piv\u00e4ljundid<\/strong><\/span><\/p>\n<p data-start=\"866\" data-end=\"891\"><strong>Koolituse l\u00f5puks osaleja:<\/strong><\/p>\n<ul data-start=\"892\" data-end=\"1266\">\n<li data-section-id=\"1tn13oa\" data-start=\"892\" data-end=\"948\">m\u00f5istab ajakirjanduse rolli ja vastutust \u00fchiskonnas;<\/li>\n<li data-section-id=\"2lfgy2\" data-start=\"949\" data-end=\"1022\">tunneb ajakirjanduseetika p\u00f5him\u00f5tteid (t\u00e4psus, tasakaal, s\u00f5ltumatus);<\/li>\n<li data-section-id=\"oa4h75\" data-start=\"1023\" data-end=\"1072\">oskab anal\u00fc\u00fcsida eetilisi dilemmasid meedias;<\/li>\n<li data-section-id=\"uu2pl8\" data-start=\"1073\" data-end=\"1150\">eristab kvaliteetset ajakirjandust kallutatud v\u00f5i manipuleerivast sisust;<\/li>\n<li data-section-id=\"1k3awou\" data-start=\"1151\" data-end=\"1214\">m\u00f5istab ajakirjaniku vastutust valeinfo leviku ennetamisel;<\/li>\n<li data-section-id=\"d9kkr6\" data-start=\"1215\" data-end=\"1266\">oskab toetada \u00f5ppijate meediap\u00e4devuse kujunemist.<\/li>\n<\/ul>\n<p data-section-id=\"1enctfn\" data-start=\"1273\" data-end=\"1295\"><span role=\"text\"><strong data-start=\"1277\" data-end=\"1295\">Koolituse sisu<\/strong><\/span><\/p>\n<ul data-start=\"1296\" data-end=\"1660\">\n<li data-section-id=\"1o0q143\" data-start=\"1296\" data-end=\"1332\">ajakirjanduse roll demokraatias;<\/li>\n<li data-section-id=\"wk7h6h\" data-start=\"1333\" data-end=\"1381\">ajakirjanduseetika p\u00f5him\u00f5tted ja standardid;<\/li>\n<li data-section-id=\"ep6kf3\" data-start=\"1382\" data-end=\"1423\">s\u00f5ltumatus, objektiivsus ja tasakaal;<\/li>\n<li data-section-id=\"q4yjrj\" data-start=\"1424\" data-end=\"1496\">eetilised dilemmad (nt allikakaitse, privaatsus, sensatsioonilisus);<\/li>\n<li data-section-id=\"1w7161b\" data-start=\"1497\" data-end=\"1558\">valeinfo ja desinformatsiooni k\u00e4sitlemine ajakirjanduses;<\/li>\n<li data-section-id=\"5arcnn\" data-start=\"1559\" data-end=\"1603\">ajakirjanduse usaldusv\u00e4\u00e4rsuse hindamine;<\/li>\n<li data-section-id=\"1sq3u3d\" data-start=\"1604\" data-end=\"1660\">praktilised juhtumianal\u00fc\u00fcsid (meediakajastuse n\u00e4ited)<\/li>\n<\/ul>\n<p><strong>\u00d5ppemeetodid<\/strong><\/p>\n<ul>\n<li>arutelud ja r\u00fchmat\u00f6\u00f6d;<\/li>\n<li>rollim\u00e4ngud;<\/li>\n<li>juhtumianal\u00fc\u00fcsid;<\/li>\n<li>praktilised t\u00f6\u00f6toad;<\/li>\n<li>refleksioon.<\/li>\n<\/ul>\n<p><strong>\u00d5ppematerjalid<\/strong><\/p>\n<ul>\n<li>slaidid ja juhendmaterjalid;<\/li>\n<li>t\u00f6\u00f6lehed (<a href=\"https:\/\/meedia.sscw.ee\/wp-content\/uploads\/2026\/04\/tooleht_Eetiline-ja-vastutustundlik-ajakirjandus-EE.docx\"><b>Eetiline ja vastutustundlik ajakirjandus<\/b><\/a>)(fasiliteerimine, narratiivide anal\u00fc\u00fcs);<\/li>\n<li>juhtumianal\u00fc\u00fcsid;<\/li>\n<li>digitaalsed koost\u00f6\u00f6vahendid;<\/li>\n<li>refleksioonivahendid.<\/li>\n<\/ul>\n<p><strong>Seosed \u00f5ppekava l\u00e4bivate teemade ja p\u00e4devustega<\/strong><\/p>\n<p><strong>Teabekeskkond<\/strong><\/p>\n<div class=\"flex flex-col text-sm pb-25\">\n<section class=\"text-token-text-primary w-full focus:outline-none [--shadow-height:45px] has-data-writing-block:pointer-events-none has-data-writing-block:-mt-(--shadow-height) has-data-writing-block:pt-(--shadow-height) [&amp;:has([data-writing-block])&gt;*]:pointer-events-auto scroll-mt-[calc(var(--header-height)+min(200px,max(70px,20svh)))]\" dir=\"auto\" data-turn-id=\"request-69cfa49b-08dc-8385-bf80-c653a544b24c-26\" data-testid=\"conversation-turn-166\" data-scroll-anchor=\"true\" data-turn=\"assistant\">\n<div class=\"text-base my-auto mx-auto pb-10 [--thread-content-margin:var(--thread-content-margin-xs,calc(var(--spacing)*4))] @w-sm\/main:[--thread-content-margin:var(--thread-content-margin-sm,calc(var(--spacing)*6))] @w-lg\/main:[--thread-content-margin:var(--thread-content-margin-lg,calc(var(--spacing)*16))] px-(--thread-content-margin)\">\n<div class=\"[--thread-content-max-width:40rem] @w-lg\/main:[--thread-content-max-width:48rem] mx-auto max-w-(--thread-content-max-width) flex-1 group\/turn-messages focus-visible:outline-hidden relative flex w-full min-w-0 flex-col agent-turn\">\n<div class=\"flex max-w-full flex-col gap-4 grow\">\n<div class=\"min-h-8 text-message relative flex w-full flex-col items-end gap-2 text-start break-words whitespace-normal outline-none keyboard-focused:focus-ring [.text-message+&amp;]:mt-1\" dir=\"auto\" tabindex=\"0\" data-message-author-role=\"assistant\" data-message-id=\"bd78f4aa-7f0d-44c3-8cc1-6d8737f46a71\" data-message-model-slug=\"gpt-5-3\" data-turn-start-message=\"true\">\n<div class=\"flex w-full flex-col gap-1 empty:hidden\">\n<div class=\"markdown prose dark:prose-invert w-full wrap-break-word light markdown-new-styling\">\n<p data-start=\"0\" data-end=\"296\" data-is-last-node=\"\" data-is-only-node=\"\">\u00d5ppija oskab hinnata ajakirjanduse kvaliteeti ja usaldusv\u00e4\u00e4rsust ning m\u00f5istab eetiliste p\u00f5him\u00f5tete rakendamise olulisust meedias. Ta kasutab praktilisi t\u00f6\u00f6riistu meediasisu anal\u00fc\u00fcsimiseks, m\u00f5istab ajakirjanduse m\u00f5ju \u00fchiskonnale ning suudab rakendada saadud teadmisi meediap\u00e4devuse \u00f5petamisel.<\/p>\n<\/div>\n<\/div>\n<\/div>\n<\/div>\n<\/div>\n<\/div>\n<\/section>\n<\/div>\n<p data-section-id=\"yk76lh\" data-start=\"2132\" data-end=\"2187\"><span role=\"text\"><strong data-start=\"2136\" data-end=\"2187\">Seosed \u00f5ppekava l\u00e4bivate teemade ja p\u00e4devustega<\/strong><\/span><\/p>\n<p data-start=\"2189\" data-end=\"2321\"><strong data-start=\"2189\" data-end=\"2206\">Teabekeskkond<\/strong><br data-start=\"2206\" data-end=\"2209\" \/>\u00d5ppija m\u00f5istab ajakirjanduse rolli info vahendajana ning oskab hinnata meediasisu usaldusv\u00e4\u00e4rsust ja eetilisust.<\/p>\n<p data-start=\"2323\" data-end=\"2463\"><strong data-start=\"2323\" data-end=\"2338\">Digip\u00e4devus<\/strong><br data-start=\"2338\" data-end=\"2341\" \/>\u00d5ppija kasutab digikeskkonda teadlikult, oskab hinnata allikate kvaliteeti ning eristada usaldusv\u00e4\u00e4rset infot kallutatust.<\/p>\n<p data-start=\"2465\" data-end=\"2604\"><strong data-start=\"2465\" data-end=\"2498\">Sotsiaalne ja kodanikup\u00e4devus<\/strong><br data-start=\"2498\" data-end=\"2501\" \/>\u00d5ppija m\u00f5istab ajakirjanduse rolli demokraatlikus \u00fchiskonnas ning tegutseb vastutustundliku kodanikuna.<\/p>\n<p data-start=\"2606\" data-end=\"2708\"><strong data-start=\"2606\" data-end=\"2620\">\u00d5pip\u00e4devus<\/strong><br data-start=\"2620\" data-end=\"2623\" \/>\u00d5ppija arendab kriitilise m\u00f5tlemise oskusi ja anal\u00fc\u00fcsib infot erinevatest allikatest.<\/p>\n<p data-start=\"2710\" data-end=\"2808\"><strong data-start=\"2710\" data-end=\"2735\">Enesem\u00e4\u00e4ratlusp\u00e4devus<\/strong><br data-start=\"2735\" data-end=\"2738\" \/>\u00d5ppija kujundab teadlikke v\u00e4\u00e4rtushoiakuid info loomisel ja tarbimisel.<\/p>\n","protected":false},"excerpt":{"rendered":"<p>Toimumisaeg: 5. September 2026, Tartu Annelinna G\u00fcmnaasium Koolitaja: Mari-Liisa Parder, PhD (meedia ja kommunikatsioon), Tartu \u00dclikooli Eetikakeskus (T\u00e4psustamisel) Mooduli kirjeldus Moodul keskendub ajakirjanduse rollile demokraatlikus \u00fchiskonnas ning eetilistele p\u00f5him\u00f5tetele, mis suunavad vastutustundlikku info loomist ja levitamist. Osalejad \u00f5pivad m\u00f5istma ajakirjandusliku t\u00f6\u00f6 standardeid, eetilisi dilemmasid ning seda, kuidas tagada usaldusv\u00e4\u00e4rne ja tasakaalustatud info avalikkusele. Erilist t\u00e4helepanu [&hellip;]<\/p>\n","protected":false},"author":2,"featured_media":0,"parent":0,"menu_order":0,"comment_status":"closed","ping_status":"closed","template":"","meta":{"footnotes":""},"class_list":["post-1494","page","type-page","status-publish","hentry"],"_links":{"self":[{"href":"https:\/\/meedia.sscw.ee\/ru\/wp-json\/wp\/v2\/pages\/1494","targetHints":{"allow":["GET"]}}],"collection":[{"href":"https:\/\/meedia.sscw.ee\/ru\/wp-json\/wp\/v2\/pages"}],"about":[{"href":"https:\/\/meedia.sscw.ee\/ru\/wp-json\/wp\/v2\/types\/page"}],"author":[{"embeddable":true,"href":"https:\/\/meedia.sscw.ee\/ru\/wp-json\/wp\/v2\/users\/2"}],"replies":[{"embeddable":true,"href":"https:\/\/meedia.sscw.ee\/ru\/wp-json\/wp\/v2\/comments?post=1494"}],"version-history":[{"count":3,"href":"https:\/\/meedia.sscw.ee\/ru\/wp-json\/wp\/v2\/pages\/1494\/revisions"}],"predecessor-version":[{"id":1500,"href":"https:\/\/meedia.sscw.ee\/ru\/wp-json\/wp\/v2\/pages\/1494\/revisions\/1500"}],"wp:attachment":[{"href":"https:\/\/meedia.sscw.ee\/ru\/wp-json\/wp\/v2\/media?parent=1494"}],"curies":[{"name":"wp","href":"https:\/\/api.w.org\/{rel}","templated":true}]}}