{"id":993,"date":"2024-07-21T15:20:59","date_gmt":"2024-07-21T15:20:59","guid":{"rendered":"https:\/\/meedia.sscw.ee\/?page_id=993"},"modified":"2025-07-09T16:45:37","modified_gmt":"2025-07-09T16:45:37","slug":"prakticheskaja-informazija","status":"publish","type":"page","link":"https:\/\/meedia.sscw.ee\/ru\/letnjaja-shkola\/prakticheskaja-informazija\/","title":{"rendered":"\u041f\u0440\u0430\u043a\u0442\u0438\u0447\u0435\u0441\u043a\u0430\u044f \u0438\u043d\u0444\u043e\u0440\u043c\u0430\u0446\u0438\u044f"},"content":{"rendered":"<div>\n<blockquote>\n<h3 style=\"text-align: justify;\"><strong>\u0423\u0421\u041b\u041e\u0412\u0418\u042f \u0423\u0427\u0410\u0421\u0422\u0418\u042f \u0412 \u041b\u0415\u0422\u041d\u0415\u0419 \u0428\u041a\u041e\u041b\u0415 \u0418 \u041f\u0420\u0410\u041a\u0422\u0418\u0427\u0415\u0421\u041a\u0410\u042f \u0418\u041d\u0424\u041e\u0420\u041c\u0410\u0426\u0418\u042f<\/strong><\/h3>\n<\/blockquote>\n<ul style=\"text-align: justify;\">\n<li><b>\u041f\u0440\u043e\u0433\u0440\u0430\u043c\u043c\u0430 \u0438 \u044d\u0441\u043a\u043f\u0435\u0442\u0440\u044b \u043b\u0435\u0442\u043d\u0435\u0439 \u0448\u043a\u043e\u043b\u044b:\u00a0<a href=\"https:\/\/meedia.sscw.ee\/letnjaja-shkola\/\">https:\/\/meedia.sscw.ee\/letnjaja-shkola\/<\/a><\/b><\/li>\n<li>\u041b\u0435\u0442\u043d\u044f\u044f \u0448\u043a\u043e\u043b\u0430 \u0431\u0443\u0434\u0435\u0442 \u043f\u0440\u043e\u0445\u043e\u0434\u0438\u0442\u044c 22-24 \u0430\u0432\u0433\u0443\u0441\u0442\u0430 2025 \u0433\u043e\u0434\u0430, \u0432 \u0422\u043e\u0439\u043b\u0430 \u0441\u043f\u0430-\u043e\u0442\u0435\u043b\u0435.<\/li>\n<li><strong>\u0423\u0447\u0430\u0441\u0442\u0438\u0435 \u0432 \u043f\u0440\u043e\u0433\u0440\u0430\u043c\u043c\u0430 \u0431\u0435\u0441\u043f\u043b\u0430\u0442\u043d\u043e\u0435! <\/strong>\u00a0<span style=\"color: #ff0000;\"><em><strong>\u041d\u043e \u0435\u0441\u0442\u044c \u0434\u043e\u043f\u043e\u043b\u043d\u0438\u0442\u0435\u043b\u044c\u043d\u044b\u0435 \u0443\u0441\u043b\u0443\u0433\u0438.<\/strong><\/em><\/span><\/li>\n<li><strong>\u041e\u0440\u0433\u0430\u043d\u0438\u0437\u0430\u0442\u043e\u0440 \u043e\u0431\u0435\u0441\u043f\u0435\u0447\u0438\u0442<\/strong>: 3-\u0445 \u0440\u0430\u0437\u043e\u0432\u043e\u0435 \u043f\u0438\u0442\u0430\u043d\u0438\u0435 (\u0437\u0430\u0432\u0442\u0440\u0430\u043a \u0438 \u043e\u0431\u0435\u0434 \u0444\u043e\u0440\u043c\u0430\u0442\u0430 \u00ab\u0448\u0432\u0435\u0434\u0441\u043a\u0438\u0439 \u0441\u0442\u043e\u043b\u00bb, \u0430 \u0442\u0430\u043a\u0436\u0435 \u043a\u043e\u0444\u0435-\u043f\u0430\u0443\u0437\u044b\u00a0 \u0432 \u0440\u0430\u043c\u043a\u0430\u0445 \u043f\u0440\u043e\u0433\u0440\u0430\u043c\u043c\u044b), \u043f\u0440\u043e\u0436\u0438\u0432\u0430\u043d\u0438\u0435 \u0432 \u043a\u0435\u043c\u043f\u0438\u043d\u0433\u0435 (\u0442\u0440\u0435\u0445\u043c\u0435\u0441\u0442\u043d\u044b\u0435 \u0438 \u043f\u044f\u0442\u0438\u043c\u0435\u0441\u0442\u043d\u044b\u0435 \u0434\u043e\u043c\u0438\u043a\u0438), \u0443\u0447\u0435\u0431\u043d\u0443\u044e \u043f\u0440\u043e\u0433\u0440\u0430\u043c\u043c\u0443. <strong>\u041f\u0440\u0435\u0434\u043e\u0441\u0442\u0430\u0432\u0438\u043c \u0437\u0430 \u043f\u043e\u0434\u043e\u043b\u043d\u0438\u0442\u0435\u043b\u044c\u043d\u0443\u044e \u043e\u043f\u043b\u0430\u0442\u0443 (2 \u0431\u0443\u0444\u0435\u0442 \u0443\u0436\u0438\u043d\u0430, \u043e\u0434\u043d\u043e \u043f\u043e\u0441\u0435\u0449\u0435\u043d\u0438\u0435 \u0422\u0435\u0440\u043c \u0441\u043f\u0430-\u0446\u0435\u043d\u0442\u0440\u0430, \u00a0\u043a\u0443\u043b\u044c\u0442\u0443\u0440\u043d\u044b\u0439 \u0433\u0440\u0438\u043b\u044c \u0432\u0435\u0447\u0435\u0440 \u0438 \u043f\u043e\u0441\u043b\u0435\u0434\u043e\u0432\u0430\u0442\u0435\u043b\u044c\u043d\u044b\u0439 \u043f\u0435\u0440\u0435\u0432\u043e\u0434 \u043d\u0430 \u0440\u0443\u0441\u0441\u043a\u0438\u0439\/\u044d\u0441\u0442\u043e\u043d\u0441\u043a\u0438\u0439 \u044f\u0437\u044b\u043a)* <\/strong><\/li>\n<li>\u041e\u0431\u0435\u0441\u043f\u0435\u0447\u0435\u043d \u0434\u043e\u0441\u0442\u0443\u043f \u043d\u0430 \u0438\u043d\u0432\u0430\u043b\u0438\u0434\u043d\u043e\u0439 \u043a\u043e\u043b\u044f\u0441\u043a\u0435 \u0434\u043b\u044f \u043b\u044e\u0434\u0435\u0439 \u0441 \u043e\u0441\u043e\u0431\u044b\u043c\u0438 \u043f\u043e\u0442\u0440\u0435\u0431\u043d\u043e\u0441\u0442\u044f\u043c\u0438, \u043f\u043e\u0441\u0442\u043e\u0440\u0430\u0435\u043c\u0441\u044f \u0443\u0447\u0435\u0441\u0442\u044c \u043e\u0441\u043e\u0431\u044b\u0435 \u0434\u0438\u0435\u0442\u0438\u0447\u0435\u0441\u043a\u0438\u0435 \u0442\u0440\u0435\u0431\u043e\u0432\u0430\u043d\u0438\u044f \u0438 \u043f\u043e\u0434\u0434\u0435\u0436\u043a\u0443 \u043d\u0430 \u043c\u0435\u0441\u0442\u0435.<\/li>\n<li><b>\u0420\u0430\u0431\u043e\u0447\u0438\u0439 \u044f\u0437\u044b\u043a: \u044d\u0441\u0442\u043e\u043d\u0441\u043a\u0438\u0439<\/b> (\u0447\u0430\u0441\u0442\u044c \u043e\u0431\u0443\u0447\u0435\u043d\u0438\u044f \u0431\u0443\u0434\u0435\u0442 \u043f\u0440\u043e\u0445\u043e\u0434\u0438\u0442\u044c \u043d\u0430 \u0440\u0443\u0441\u0441\u043a\u043e\u043c \u0438\u043b\u0438 \u0430\u043d\u0433\u043b\u0438\u0439\u0441\u043a\u043e\u043c \u044f\u0437\u044b\u043a\u0435, \u043f\u0440\u0438 \u043d\u0435\u043e\u0431\u0445\u043e\u0434\u0438\u043c\u043e\u0441\u0442\u0438 \u0431\u0443\u0434\u0435\u0442 \u043f\u0440\u0435\u0434\u043e\u0441\u0442\u0430\u0432\u043b\u0435\u043d \u043f\u043e\u0441\u043b\u0435\u0434\u043e\u0432\u0430\u0442\u0435\u043b\u044c\u043d\u044b\u0439 \u043f\u0435\u0440\u0435\u0432\u043e\u0434 \u043d\u0430 \u0440\u0443\u0441\u0441\u043a\u0438\u0439\/\u044d\u0441\u0442\u043e\u043d\u0441\u043a\u0438\u0439 \u044f\u0437\u044b\u043a\u0438)*.<\/li>\n<li><b>\u0412\u0438\u0440\u0442\u0443\u0430\u043b\u044c\u043d\u043e\u0435 \u0443\u0447\u0430\u0441\u0442\u0438\u0435 \u043e\u0431\u0435\u0441\u043f\u0435\u0447\u0438\u043c \u043d\u0430 22-24.08.2025: <a href=\"https:\/\/teams.live.com\/meet\/9338807501660?p=acPFR6Dmposke8XEkK\">https:\/\/teams.live.com\/meet\/9338807501660?p=acPFR6Dmposke8XEkK<\/a><\/b><\/li>\n<li><span style=\"color: #ff0000;\"><strong>\u0420\u0435\u0433\u0438\u0441\u0442\u0440\u0430\u0446\u0438\u044f \u043e\u0442\u043a\u0440\u044b\u0442\u0430 \u0434\u043e 18 \u0430\u0432\u0433\u0443\u0441\u0442\u0430 2025 \u0433\u043e\u0434\u0430 \u0434\u043e 15.00.<\/strong><\/span><br \/>\n\u0420\u0435\u0433\u0438\u0441\u0442\u0440\u0430\u0446\u0438\u044f \u043f\u043e \u0441\u0441\u044b\u043b\u043a\u0435 -&gt; <a href=\"https:\/\/meedia.sscw.ee\/registreerimine\/\">https:\/\/meedia.sscw.ee\/registreerimine\/<\/a><\/li>\n<li><b><u>N.B. \u041a\u043e\u043b\u0438\u0447\u0435\u0441\u0442\u0432\u043e \u043c\u0435\u0441\u0442 \u043e\u0433\u0440\u0430\u043d\u0438\u0447\u0435\u043d\u043e (100 \u0443\u0447\u0430\u0441\u0442\u043d\u0438\u043a\u043e\u0432) \u0431\u0443\u0434\u0443\u0442 \u043e\u0442\u043e\u0431\u0440\u0430\u043d\u043d\u044b\u043c\u0438 \u043d\u0430 \u043e\u0441\u043d\u043e\u0432\u0435 \u043c\u043e\u0442\u0438\u0432\u0430\u0446\u0438\u0438 \u0438 \u043f\u043e\u0434\u0442\u0432\u0435\u0440\u0436\u0434\u0435\u043d\u043d\u044b\u043c\u0438 \u043e\u0442\u0431\u043e\u0440\u043e\u0447\u043d\u043e\u0439 \u043a\u043e\u043c\u0438\u0441\u0441\u0438\u0435\u0439. \u041c\u044b \u043c\u043e\u0436\u0435\u043c \u043f\u0440\u0438\u043d\u044f\u0442\u044c \u0434\u043e 3 \u0443\u0447\u0430\u0441\u0442\u043d\u0438\u043a\u043e\u0432 \u043e\u0442 \u043e\u0434\u043d\u043e\u0439 \u043e\u0440\u0433\u0430\u043d\u0438\u0437\u0430\u0446\u0438\u0438.<\/u><\/b><\/li>\n<\/ul>\n<p style=\"text-align: justify;\"><strong>\u0423\u0447\u0430\u0441\u0442\u0438\u0435 \u0432 \u043f\u0440\u043e\u0433\u0440\u0430\u043c\u043c\u0435 \u0431\u0435\u0441\u043f\u043b\u0430\u0442\u043d\u043e\u0435, \u043d\u043e \u0437\u0430 \u0434\u043e\u043f\u043e\u043b\u043d\u0438\u0442\u0435\u043b\u044c\u043d\u044b\u0435 \u0443\u0441\u043b\u0443\u0433\u0438 (2 \u0431\u0443\u0444\u0435\u0442 \u0443\u0436\u0438\u043d\u0430, \u043e\u0434\u043d\u043e \u043f\u043e\u0441\u0435\u0449\u0435\u043d\u0438\u0435 \u0422\u0435\u0440\u043c \u0441\u043f\u0430-\u0446\u0435\u043d\u0442\u0440\u0430, \u00a0\u043a\u0443\u043b\u044c\u0442\u0443\u0440\u043d\u044b\u0439 \u0433\u0440\u0438\u043b\u044c \u0432\u0435\u0447\u0435\u0440 \u0438 \u043f\u043e\u0441\u043b\u0435\u0434\u043e\u0432\u0430\u0442\u0435\u043b\u044c\u043d\u044b\u0439 \u043f\u0435\u0440\u0435\u0432\u043e\u0434 \u043d\u0430 \u0440\u0443\u0441\u0441\u043a\u0438\u0439\/\u044d\u0441\u0442\u043e\u043d\u0441\u043a\u0438\u0439 \u044f\u0437\u044b\u043a) \u0432\u0437\u044b\u043c\u0430\u0435\u0442\u0441\u044f \u043f\u043b\u0430\u0442\u0430.<\/strong><\/p>\n<p><span style=\"color: #ff0000;\">*\u0420\u0430\u043d\u043d\u0430\u044f \u0440\u0435\u0433\u0438\u0441\u0442\u0440\u0430\u0446\u0438\u044f \u0441 1\u0433\u043e \u0438\u044e\u043b\u044f \u043f\u043e 1 \u0430\u0432\u0433\u0443\u0441\u0442\u0430<\/span><br \/>\n\u2013 40 EUR \u2013 \u0414\u043b\u044f \u043c\u043e\u043b\u043e\u0434\u0435\u0436\u0438 \u0438 \u043f\u043e\u0436\u0438\u043b\u044b\u0445 \u043b\u044e\u0434\u0435\u0439 (\u043f\u043e \u0432\u043e\u0437\u0440\u0430\u0441\u0442\u0443)<br \/>\n\u2013 60 EUR \u2013 \u0414\u043b\u044f \u0432\u0437\u0440\u043e\u0441\u043b\u044b\u0445<br \/>\n<span style=\"color: #0000ff;\"><strong>\u041e\u0431\u044b\u0447\u043d\u0430\u044f \u0440\u0435\u0433\u0438\u0441\u0442\u0440\u0430\u0446\u0438\u044f \u0441 1\u0433\u043e \u0430\u0432\u0433\u0443\u0441\u0442\u0430 \u043f\u043e 18 \u0430\u0432\u0433\u0443\u0441\u0442\u0430<\/strong><\/span><br \/>\n60 EUR \u2013 \u0414\u043b\u044f \u043c\u043e\u043b\u043e\u0434\u0435\u0436\u0438 \u0438 \u043f\u043e\u0436\u0438\u043b\u044b\u0445 \u043b\u044e\u0434\u0435\u0439 (\u043f\u043e \u0432\u043e\u0437\u0440\u0430\u0441\u0442\u0443)<br \/>\n80 EUR \u2013 \u0414\u043b\u044f \u0432\u0437\u0440\u043e\u0441\u043b\u044b\u0445<\/p>\n<ul style=\"text-align: justify;\">\n<li><span style=\"text-decoration: underline; color: #ff0000;\"><strong><em>\u0421\u0432\u043e\u0435\u0432\u0440\u0435\u043c\u0435\u043d\u043d\u0430\u044f \u043e\u043f\u043b\u0430\u0442\u0430 \u043f\u043b\u0430\u0442\u044b \u0437\u0430 \u0443\u0447\u0430\u0441\u0442\u0438\u0435\u00a0 \u0433\u0430\u0440\u0430\u043d\u0442\u0438\u0440\u0443\u0435\u043c \u0432\u0430\u0448\u0435 \u0443\u0447\u0430\u0441\u0442\u0438\u0435 \u0432 \u043c\u0435\u0440\u043e\u043f\u0440\u0438\u044f\u0442\u0438\u0438.<\/em><\/strong><\/span><br \/>\n<strong><span style=\"color: #000000;\"><em>MT\u00dc Sillam\u00e4e Lastekaitse \u00dching<\/em><\/span><\/strong><br \/>\n<strong><span style=\"color: #000000;\"><em>SEB pank A\/a\u00a0\u00a0EE861010552012406004<\/em><\/span><\/strong><br \/>\n<strong><span style=\"color: #000000;\"><em>\u041f\u043e\u044f\u0441\u043d\u0435\u043d\u0438\u0435: \u0418\u043c\u044f \u0438 \u0424\u0430\u043c\u0438\u043b\u0438\u044f &#8212; \u041b\u0435\u0442\u043d\u044f\u044f \u0448\u043a\u043e\u043b\u0430<\/em><\/span><\/strong><br \/>\n<strong><span style=\"color: #000000;\"><em>\u0421\u0443\u043c\u043c\u0430: \u0432 \u0441\u043e\u043e\u0442\u0432\u0435\u0441\u0442\u0432\u0438\u0438 \u0441 \u0432\u0430\u0448\u0435\u0439 \u043a\u0430\u0442\u0435\u0433\u043e\u0440\u0438\u0435\u0439 \u0440\u0435\u0433\u0438\u0441\u0442\u0440\u0430\u0446\u0438\u0438<\/em><\/span><\/strong><\/li>\n<\/ul>\n<p style=\"text-align: justify;\">\u0412 \u0441\u043b\u0443\u0447\u0430\u0435 \u043e\u0442\u043a\u0430\u0437\u0430 \u043e\u0442 \u0443\u0447\u0430\u0441\u0442\u0438\u044f \u0437\u0430 7 \u0434\u043d\u0435\u0439 \u0434\u043e \u043d\u0430\u0447\u0430\u043b\u0430 \u043b\u0435\u0442\u043d\u0435\u0439 \u0448\u043a\u043e\u043b\u044b \u043d\u0435\u043e\u0431\u0445\u043e\u0434\u0438\u043c\u043e \u043e\u043f\u043b\u0430\u0442\u0438\u0442\u044c 50% \u043e\u0442 \u0441\u0443\u043c\u043c\u044b \u0441\u0447\u0435\u0442\u0430. \u0415\u0441\u043b\u0438 \u0432\u044b \u043e\u0442\u043a\u0430\u0437\u044b\u0432\u0430\u0435\u0442\u0435\u0441\u044c \u043e\u0442 \u0443\u0447\u0430\u0441\u0442\u0438\u044f \u043f\u043e\u0437\u0436\u0435 \u0438\u043b\u0438 \u0437\u0430\u0431\u044b\u0432\u0430\u0435\u0442\u0435 \u043e\u0442\u043a\u0430\u0437\u0430\u0442\u044c\u0441\u044f \u043e\u0442 \u0443\u0447\u0430\u0441\u0442\u0438\u044f, \u0432\u0437\u043d\u043e\u0441 \u0437\u0430 \u0434\u043e\u043f\u043e\u043b\u043d\u0438\u0442\u0435\u043b\u044c\u043d\u044b\u0435 \u0443\u0441\u043b\u0443\u0433\u0438 \u043d\u0435 \u0432\u043e\u0437\u0432\u0440\u0430\u0449\u0430\u0435\u0442\u0441\u044f \u0438 \u043e\u043f\u043b\u0430\u0447\u0438\u0432\u0430\u0435\u0442\u0441\u044f 100 % \u043e\u0442 \u0441\u0443\u043c\u043c\u044b \u0441\u0447\u0435\u0442\u0430. NB! \u0415\u0441\u043b\u0438 \u0432\u044b \u0445\u043e\u0442\u0438\u0442\u0435 \u043e\u0442\u043c\u0435\u043d\u0438\u0442\u044c \u0441\u0432\u043e\u0435 \u0443\u0447\u0430\u0441\u0442\u0438\u0435, \u043f\u043e\u0436\u0430\u043b\u0443\u0439\u0441\u0442\u0430, \u0441\u043e\u043e\u0431\u0449\u0438\u0442\u0435 \u043d\u0430\u043c \u043e\u0431 \u044d\u0442\u043e\u043c \u0432 \u043f\u0438\u0441\u044c\u043c\u0435\u043d\u043d\u043e\u043c \u0432\u0438\u0434\u0435 \u043d\u0435 \u043f\u043e\u0437\u0434\u043d\u0435\u0435 \u0447\u0435\u043c \u0437\u0430 <strong>8 \u0434\u043d\u0435\u0439 \u0434\u043e \u043e\u043a\u043e\u043d\u0447\u0430\u043d\u0438\u044f \u0440\u0435\u0433\u0438\u0441\u0442\u0440\u0430\u0446\u0438\u0438 (\u0434\u043e 10.08.2025) \u043d\u0430 \u044d\u043c\u0430\u0438\u043b info@sscw.ee.<\/strong> \u0412 \u044d\u0442\u043e\u043c \u0441\u043b\u0443\u0447\u0430\u0435 \u043c\u044b \u043e\u0444\u043e\u0440\u043c\u0438\u043c \u043a\u0440\u0435\u0434\u0438\u0442-\u0444\u0430\u043a\u0442\u0443\u0440\u0443 \u0438 \u0432\u0435\u0440\u043d\u0435\u043c \u0443\u0436\u0435 \u043f\u043e\u043b\u0443\u0447\u0435\u043d\u043d\u044b\u0439 \u0432\u0437\u043d\u043e\u0441 \u0437\u0430 \u0443\u0447\u0430\u0441\u0442\u0438\u0435.<\/p>\n<\/div>\n","protected":false},"excerpt":{"rendered":"<p>\u0423\u0421\u041b\u041e\u0412\u0418\u042f \u0423\u0427\u0410\u0421\u0422\u0418\u042f \u0412 \u041b\u0415\u0422\u041d\u0415\u0419 \u0428\u041a\u041e\u041b\u0415 \u0418 \u041f\u0420\u0410\u041a\u0422\u0418\u0427\u0415\u0421\u041a\u0410\u042f \u0418\u041d\u0424\u041e\u0420\u041c\u0410\u0426\u0418\u042f \u041f\u0440\u043e\u0433\u0440\u0430\u043c\u043c\u0430 \u0438 \u044d\u0441\u043a\u043f\u0435\u0442\u0440\u044b \u043b\u0435\u0442\u043d\u0435\u0439 \u0448\u043a\u043e\u043b\u044b:\u00a0https:\/\/meedia.sscw.ee\/letnjaja-shkola\/ \u041b\u0435\u0442\u043d\u044f\u044f \u0448\u043a\u043e\u043b\u0430 \u0431\u0443\u0434\u0435\u0442 \u043f\u0440\u043e\u0445\u043e\u0434\u0438\u0442\u044c 22-24 \u0430\u0432\u0433\u0443\u0441\u0442\u0430 2025 \u0433\u043e\u0434\u0430, \u0432 \u0422\u043e\u0439\u043b\u0430 \u0441\u043f\u0430-\u043e\u0442\u0435\u043b\u0435. \u0423\u0447\u0430\u0441\u0442\u0438\u0435 \u0432 \u043f\u0440\u043e\u0433\u0440\u0430\u043c\u043c\u0430 \u0431\u0435\u0441\u043f\u043b\u0430\u0442\u043d\u043e\u0435! \u00a0\u041d\u043e \u0435\u0441\u0442\u044c \u0434\u043e\u043f\u043e\u043b\u043d\u0438\u0442\u0435\u043b\u044c\u043d\u044b\u0435 \u0443\u0441\u043b\u0443\u0433\u0438. \u041e\u0440\u0433\u0430\u043d\u0438\u0437\u0430\u0442\u043e\u0440 \u043e\u0431\u0435\u0441\u043f\u0435\u0447\u0438\u0442: 3-\u0445 \u0440\u0430\u0437\u043e\u0432\u043e\u0435 \u043f\u0438\u0442\u0430\u043d\u0438\u0435 (\u0437\u0430\u0432\u0442\u0440\u0430\u043a \u0438 \u043e\u0431\u0435\u0434 \u0444\u043e\u0440\u043c\u0430\u0442\u0430 \u00ab\u0448\u0432\u0435\u0434\u0441\u043a\u0438\u0439 \u0441\u0442\u043e\u043b\u00bb, \u0430 \u0442\u0430\u043a\u0436\u0435 \u043a\u043e\u0444\u0435-\u043f\u0430\u0443\u0437\u044b\u00a0 \u0432 \u0440\u0430\u043c\u043a\u0430\u0445 \u043f\u0440\u043e\u0433\u0440\u0430\u043c\u043c\u044b), \u043f\u0440\u043e\u0436\u0438\u0432\u0430\u043d\u0438\u0435 \u0432 \u043a\u0435\u043c\u043f\u0438\u043d\u0433\u0435 (\u0442\u0440\u0435\u0445\u043c\u0435\u0441\u0442\u043d\u044b\u0435 \u0438 \u043f\u044f\u0442\u0438\u043c\u0435\u0441\u0442\u043d\u044b\u0435 [&hellip;]<\/p>\n","protected":false},"author":2,"featured_media":0,"parent":583,"menu_order":10,"comment_status":"closed","ping_status":"closed","template":"","meta":{"footnotes":""},"class_list":["post-993","page","type-page","status-publish","hentry"],"_links":{"self":[{"href":"https:\/\/meedia.sscw.ee\/ru\/wp-json\/wp\/v2\/pages\/993","targetHints":{"allow":["GET"]}}],"collection":[{"href":"https:\/\/meedia.sscw.ee\/ru\/wp-json\/wp\/v2\/pages"}],"about":[{"href":"https:\/\/meedia.sscw.ee\/ru\/wp-json\/wp\/v2\/types\/page"}],"author":[{"embeddable":true,"href":"https:\/\/meedia.sscw.ee\/ru\/wp-json\/wp\/v2\/users\/2"}],"replies":[{"embeddable":true,"href":"https:\/\/meedia.sscw.ee\/ru\/wp-json\/wp\/v2\/comments?post=993"}],"version-history":[{"count":7,"href":"https:\/\/meedia.sscw.ee\/ru\/wp-json\/wp\/v2\/pages\/993\/revisions"}],"predecessor-version":[{"id":1361,"href":"https:\/\/meedia.sscw.ee\/ru\/wp-json\/wp\/v2\/pages\/993\/revisions\/1361"}],"up":[{"embeddable":true,"href":"https:\/\/meedia.sscw.ee\/ru\/wp-json\/wp\/v2\/pages\/583"}],"wp:attachment":[{"href":"https:\/\/meedia.sscw.ee\/ru\/wp-json\/wp\/v2\/media?parent=993"}],"curies":[{"name":"wp","href":"https:\/\/api.w.org\/{rel}","templated":true}]}}